{"id":88,"date":"2024-05-20T18:33:26","date_gmt":"2024-05-20T21:33:26","guid":{"rendered":"https:\/\/decoraartedesign.linkbio.net.br\/?page_id=88"},"modified":"2024-05-20T19:39:04","modified_gmt":"2024-05-20T22:39:04","slug":"catalogos","status":"publish","type":"page","link":"https:\/\/decoraartedesign.linkbio.net.br\/index.php\/catalogos\/","title":{"rendered":"Cat\u00e1logos"},"content":{"rendered":"<p>[et_pb_section fb_built=&#8221;1&#8243; _builder_version=&#8221;4.23&#8243; _module_preset=&#8221;default&#8221; background_image=&#8221;https:\/\/decoraartedesign.linkbio.net.br\/wp-content\/uploads\/2023\/11\/Design-sem-nome-58.png&#8221; background_repeat=&#8221;repeat&#8221; custom_margin=&#8221;||-9px||false|false&#8221; custom_padding=&#8221;22px||0px|||&#8221; global_colors_info=&#8221;{}&#8221;][et_pb_row _builder_version=&#8221;4.23&#8243; _module_preset=&#8221;default&#8221; width=&#8221;400px&#8221; module_alignment=&#8221;center&#8221; custom_margin=&#8221;52px|auto||auto||&#8221; custom_padding=&#8221;0px|||||&#8221; global_colors_info=&#8221;{}&#8221;][et_pb_column type=&#8221;4_4&#8243; _builder_version=&#8221;4.23&#8243; _module_preset=&#8221;default&#8221; global_colors_info=&#8221;{}&#8221;][et_pb_image src=&#8221;https:\/\/decoraartedesign.linkbio.net.br\/wp-content\/uploads\/2023\/11\/logo.png&#8221; title_text=&#8221;logo&#8221; align=&#8221;center&#8221; _builder_version=&#8221;4.24.0&#8243; _module_preset=&#8221;default&#8221; width=&#8221;340px&#8221; width_tablet=&#8221;380px&#8221; width_phone=&#8221;280px&#8221; width_last_edited=&#8221;on|phone&#8221; global_colors_info=&#8221;{}&#8221;][\/et_pb_image][et_pb_text _builder_version=&#8221;4.25.1&#8243; _module_preset=&#8221;default&#8221; text_font=&#8221;Abyssinica SIL||||||||&#8221; text_text_color=&#8221;#FFFFFF&#8221; text_font_size=&#8221;24px&#8221; text_orientation=&#8221;center&#8221; custom_margin=&#8221;||||false|false&#8221; custom_padding=&#8221;16px||||false|false&#8221; global_colors_info=&#8221;{}&#8221;]<\/p>\n<p>LINHAS 2024<\/p>\n<p>[\/et_pb_text][\/et_pb_column][\/et_pb_row][et_pb_row column_structure=&#8221;1_3,1_3,1_3&#8243; _builder_version=&#8221;4.23&#8243; _module_preset=&#8221;default&#8221; width=&#8221;400px&#8221; custom_padding=&#8221;||0px|||&#8221; global_colors_info=&#8221;{}&#8221;][et_pb_column type=&#8221;1_3&#8243; _builder_version=&#8221;4.23&#8243; _module_preset=&#8221;default&#8221; global_colors_info=&#8221;{}&#8221;][et_pb_image src=&#8221;https:\/\/decoraartedesign.linkbio.net.br\/wp-content\/uploads\/2023\/11\/cropped-logo-fiv.png&#8221; title_text=&#8221;cropped-logo-fiv.png&#8221; align=&#8221;center&#8221; _builder_version=&#8221;4.25.1&#8243; _module_preset=&#8221;default&#8221; module_alignment=&#8221;center&#8221; hover_enabled=&#8221;0&#8243; border_radii=&#8221;on|10px|10px|10px|10px&#8221; global_colors_info=&#8221;{}&#8221; sticky_enabled=&#8221;0&#8243; width=&#8221;90px&#8221; width_last_edited=&#8221;on|phone&#8221; width_phone=&#8221;200px&#8221; custom_padding=&#8221;||||false|false&#8221; custom_margin=&#8221;||||false|false&#8221; url=&#8221;https:\/\/decoraartedesign.linkbio.net.br\/catalogos\/Gelius_linha_2024.pdf&#8221; width_tablet=&#8221;90px&#8221;][\/et_pb_image][et_pb_text _builder_version=&#8221;4.25.1&#8243; _module_preset=&#8221;default&#8221; text_font=&#8221;ABeeZee||||||||&#8221; text_text_color=&#8221;#FFFFFF&#8221; text_font_size=&#8221;20px&#8221; text_orientation=&#8221;center&#8221; hover_enabled=&#8221;0&#8243; global_colors_info=&#8221;{}&#8221; sticky_enabled=&#8221;0&#8243; custom_padding=&#8221;||||false|false&#8221; custom_margin=&#8221;-15px||15px||false|false&#8221;]<\/p>\n<p>Gelius linha<\/p>\n<p>[\/et_pb_text][\/et_pb_column][et_pb_column type=&#8221;1_3&#8243; _builder_version=&#8221;4.23&#8243; _module_preset=&#8221;default&#8221; global_colors_info=&#8221;{}&#8221;][et_pb_image src=&#8221;https:\/\/decoraartedesign.linkbio.net.br\/wp-content\/uploads\/2023\/11\/cropped-logo-fiv.png&#8221; title_text=&#8221;cropped-logo-fiv.png&#8221; align=&#8221;center&#8221; _builder_version=&#8221;4.25.1&#8243; _module_preset=&#8221;default&#8221; module_alignment=&#8221;center&#8221; hover_enabled=&#8221;0&#8243; border_radii=&#8221;on|10px|10px|10px|10px&#8221; global_colors_info=&#8221;{}&#8221; width=&#8221;90px&#8221; width_last_edited=&#8221;on|phone&#8221; sticky_enabled=&#8221;0&#8243; custom_margin=&#8221;||||false|false&#8221; width_phone=&#8221;200px&#8221; url=&#8221;https:\/\/decoraartedesign.linkbio.net.br\/catalogos\/Catalogo_Artizo_2024.pdf&#8221; width_tablet=&#8221;90px&#8221;][\/et_pb_image][et_pb_text _builder_version=&#8221;4.25.1&#8243; _module_preset=&#8221;default&#8221; text_font=&#8221;ABeeZee||||||||&#8221; text_text_color=&#8221;#FFFFFF&#8221; text_font_size=&#8221;20px&#8221; text_orientation=&#8221;center&#8221; hover_enabled=&#8221;0&#8243; global_colors_info=&#8221;{}&#8221; sticky_enabled=&#8221;0&#8243; custom_margin=&#8221;-15px||15px||false|false&#8221;]<\/p>\n<p>Cat\u00e1logo Artizo<\/p>\n<p>[\/et_pb_text][\/et_pb_column][et_pb_column type=&#8221;1_3&#8243; _builder_version=&#8221;4.23&#8243; _module_preset=&#8221;default&#8221; global_colors_info=&#8221;{}&#8221;][et_pb_image src=&#8221;https:\/\/decoraartedesign.linkbio.net.br\/wp-content\/uploads\/2023\/11\/cropped-logo-fiv.png&#8221; title_text=&#8221;cropped-logo-fiv.png&#8221; align=&#8221;center&#8221; _builder_version=&#8221;4.25.1&#8243; _module_preset=&#8221;default&#8221; hover_enabled=&#8221;0&#8243; border_radii=&#8221;on|10px|10px|10px|10px&#8221; global_colors_info=&#8221;{}&#8221; width=&#8221;90px&#8221; module_alignment=&#8221;center&#8221; custom_margin=&#8221;||||false|false&#8221; sticky_enabled=&#8221;0&#8243; width_last_edited=&#8221;on|phone&#8221; width_phone=&#8221;200px&#8221; url=&#8221;https:\/\/decoraartedesign.linkbio.net.br\/catalogos\/Catalogo_Imcal_2022.pdf&#8221; width_tablet=&#8221;90px&#8221;][\/et_pb_image][et_pb_text _builder_version=&#8221;4.25.1&#8243; _module_preset=&#8221;default&#8221; text_font=&#8221;ABeeZee||||||||&#8221; text_text_color=&#8221;#FFFFFF&#8221; text_font_size=&#8221;20px&#8221; text_orientation=&#8221;center&#8221; hover_enabled=&#8221;0&#8243; global_colors_info=&#8221;{}&#8221; sticky_enabled=&#8221;0&#8243; custom_margin=&#8221;-15px||15px||false|false&#8221;]<\/p>\n<p>Cata\u0301logo Imcal<\/p>\n<p>[\/et_pb_text][\/et_pb_column][\/et_pb_row][et_pb_row column_structure=&#8221;1_3,1_3,1_3&#8243; _builder_version=&#8221;4.23&#8243; _module_preset=&#8221;default&#8221; width=&#8221;400px&#8221; custom_padding=&#8221;||0px|||&#8221; global_colors_info=&#8221;{}&#8221;][et_pb_column type=&#8221;1_3&#8243; _builder_version=&#8221;4.23&#8243; _module_preset=&#8221;default&#8221; global_colors_info=&#8221;{}&#8221;][et_pb_image src=&#8221;https:\/\/decoraartedesign.linkbio.net.br\/wp-content\/uploads\/2023\/11\/cropped-logo-fiv.png&#8221; title_text=&#8221;cropped-logo-fiv.png&#8221; align=&#8221;center&#8221; _builder_version=&#8221;4.25.1&#8243; _module_preset=&#8221;default&#8221; module_alignment=&#8221;center&#8221; hover_enabled=&#8221;0&#8243; border_radii=&#8221;on|10px|10px|10px|10px&#8221; global_colors_info=&#8221;{}&#8221; width=&#8221;90px&#8221; custom_margin=&#8221;||||false|false&#8221; sticky_enabled=&#8221;0&#8243; width_last_edited=&#8221;on|phone&#8221; width_phone=&#8221;200px&#8221; url=&#8221;https:\/\/decoraartedesign.linkbio.net.br\/catalogos\/Inova_Laminas_Digital.pdf&#8221; width_tablet=&#8221;90px&#8221;][\/et_pb_image][et_pb_text _builder_version=&#8221;4.25.1&#8243; _module_preset=&#8221;default&#8221; text_font=&#8221;ABeeZee||||||||&#8221; text_text_color=&#8221;#FFFFFF&#8221; text_font_size=&#8221;20px&#8221; text_orientation=&#8221;center&#8221; hover_enabled=&#8221;0&#8243; global_colors_info=&#8221;{}&#8221; sticky_enabled=&#8221;0&#8243; custom_margin=&#8221;-15px||15px||false|false&#8221;]<\/p>\n<p>Inova Laminas Digital<\/p>\n<p>[\/et_pb_text][\/et_pb_column][et_pb_column type=&#8221;1_3&#8243; _builder_version=&#8221;4.23&#8243; _module_preset=&#8221;default&#8221; global_colors_info=&#8221;{}&#8221;][et_pb_image src=&#8221;https:\/\/decoraartedesign.linkbio.net.br\/wp-content\/uploads\/2023\/11\/cropped-logo-fiv.png&#8221; title_text=&#8221;cropped-logo-fiv.png&#8221; align=&#8221;center&#8221; _builder_version=&#8221;4.25.1&#8243; _module_preset=&#8221;default&#8221; module_alignment=&#8221;center&#8221; hover_enabled=&#8221;0&#8243; border_radii=&#8221;on|10px|10px|10px|10px&#8221; global_colors_info=&#8221;{}&#8221; width=&#8221;90px&#8221; custom_margin=&#8221;||||false|false&#8221; sticky_enabled=&#8221;0&#8243; width_last_edited=&#8221;on|phone&#8221; width_phone=&#8221;200px&#8221; url=&#8221;https:\/\/decoraartedesign.linkbio.net.br\/catalogos\/Miolo_Matos_e_Lopes_2024.pdf&#8221; width_tablet=&#8221;90px&#8221;][\/et_pb_image][et_pb_text _builder_version=&#8221;4.25.1&#8243; _module_preset=&#8221;default&#8221; text_font=&#8221;ABeeZee||||||||&#8221; text_text_color=&#8221;#FFFFFF&#8221; text_font_size=&#8221;20px&#8221; text_orientation=&#8221;center&#8221; hover_enabled=&#8221;0&#8243; global_colors_info=&#8221;{}&#8221; sticky_enabled=&#8221;0&#8243; custom_margin=&#8221;-15px||15px||false|false&#8221;]<\/p>\n<p>Miolo &#8211; Matos e Lopes<\/p>\n<p>[\/et_pb_text][\/et_pb_column][et_pb_column type=&#8221;1_3&#8243; _builder_version=&#8221;4.23&#8243; _module_preset=&#8221;default&#8221; global_colors_info=&#8221;{}&#8221;][et_pb_image src=&#8221;https:\/\/decoraartedesign.linkbio.net.br\/wp-content\/uploads\/2023\/11\/cropped-logo-fiv.png&#8221; title_text=&#8221;cropped-logo-fiv.png&#8221; align=&#8221;center&#8221; _builder_version=&#8221;4.25.1&#8243; _module_preset=&#8221;default&#8221; hover_enabled=&#8221;0&#8243; border_radii=&#8221;on|10px|10px|10px|10px&#8221; global_colors_info=&#8221;{}&#8221; width=&#8221;90px&#8221; module_alignment=&#8221;center&#8221; custom_margin=&#8221;||||false|false&#8221; sticky_enabled=&#8221;0&#8243; width_last_edited=&#8221;on|phone&#8221; width_phone=&#8221;200px&#8221; url=&#8221;https:\/\/decoraartedesign.linkbio.net.br\/catalogos\/Catalogo_FERONI_2024.pdf&#8221; width_tablet=&#8221;90px&#8221;][\/et_pb_image][et_pb_text _builder_version=&#8221;4.25.1&#8243; _module_preset=&#8221;default&#8221; text_font=&#8221;ABeeZee||||||||&#8221; text_text_color=&#8221;#FFFFFF&#8221; text_font_size=&#8221;20px&#8221; text_orientation=&#8221;center&#8221; hover_enabled=&#8221;0&#8243; global_colors_info=&#8221;{}&#8221; sticky_enabled=&#8221;0&#8243; custom_margin=&#8221;-15px||43px||false|false&#8221;]<\/p>\n<p>Cat\u00e1logo FERONI<\/p>\n<p>[\/et_pb_text][\/et_pb_column][\/et_pb_row][et_pb_row column_structure=&#8221;1_3,1_3,1_3&#8243; _builder_version=&#8221;4.23&#8243; _module_preset=&#8221;default&#8221; width=&#8221;400px&#8221; custom_padding=&#8221;0px||0px|||&#8221; global_colors_info=&#8221;{}&#8221;][et_pb_column type=&#8221;1_3&#8243; _builder_version=&#8221;4.23&#8243; _module_preset=&#8221;default&#8221; global_colors_info=&#8221;{}&#8221;][\/et_pb_column][et_pb_column type=&#8221;1_3&#8243; _builder_version=&#8221;4.23&#8243; _module_preset=&#8221;default&#8221; global_colors_info=&#8221;{}&#8221;][et_pb_image src=&#8221;https:\/\/decoraartedesign.linkbio.net.br\/wp-content\/uploads\/2023\/11\/cropped-logo-fiv.png&#8221; title_text=&#8221;cropped-logo-fiv.png&#8221; align=&#8221;center&#8221; _builder_version=&#8221;4.25.1&#8243; _module_preset=&#8221;default&#8221; module_alignment=&#8221;center&#8221; hover_enabled=&#8221;0&#8243; border_radii=&#8221;on|10px|10px|10px|10px&#8221; global_colors_info=&#8221;{}&#8221; width=&#8221;90px&#8221; custom_margin=&#8221;||||false|false&#8221; sticky_enabled=&#8221;0&#8243; width_last_edited=&#8221;on|phone&#8221; width_phone=&#8221;200px&#8221; url=&#8221;https:\/\/decoraartedesign.linkbio.net.br\/catalogos\/Catalogo_Provincia.pdf&#8221; width_tablet=&#8221;90px&#8221;][\/et_pb_image][et_pb_text _builder_version=&#8221;4.25.1&#8243; _module_preset=&#8221;default&#8221; text_font=&#8221;ABeeZee||||||||&#8221; text_text_color=&#8221;#FFFFFF&#8221; text_font_size=&#8221;20px&#8221; text_orientation=&#8221;center&#8221; hover_enabled=&#8221;0&#8243; global_colors_info=&#8221;{}&#8221; sticky_enabled=&#8221;0&#8243; custom_margin=&#8221;-15px||||false|false&#8221;]<\/p>\n<p>Cat\u00e1logo Prov\u00edncia<\/p>\n<p>[\/et_pb_text][\/et_pb_column][et_pb_column type=&#8221;1_3&#8243; _builder_version=&#8221;4.23&#8243; _module_preset=&#8221;default&#8221; global_colors_info=&#8221;{}&#8221;][\/et_pb_column][\/et_pb_row][et_pb_row _builder_version=&#8221;4.24.0&#8243; _module_preset=&#8221;default&#8221; background_image=&#8221;https:\/\/decoraartedesign.linkbio.net.br\/wp-content\/uploads\/2024\/02\/Design-sem-nome-1.png&#8221; background_size=&#8221;contain&#8221; background_position=&#8221;top_left&#8221; background_horizontal_offset=&#8221;0%&#8221; background_vertical_offset=&#8221;0%&#8221; background_blend=&#8221;multiply&#8221; width=&#8221;100%&#8221; width_tablet=&#8221;100%&#8221; width_phone=&#8221;100%&#8221; width_last_edited=&#8221;on|phone&#8221; max_width=&#8221;2560px&#8221; max_height=&#8221;1000px&#8221; custom_margin=&#8221;|auto|0px|auto||&#8221; custom_padding=&#8221;87px||61px|||&#8221; background_last_edited=&#8221;on|phone&#8221; background_image_phone=&#8221;https:\/\/decoraartedesign.linkbio.net.br\/wp-content\/uploads\/2024\/02\/Design-sem-nome-2.png&#8221; background_enable_image_phone=&#8221;on&#8221; global_colors_info=&#8221;{}&#8221;][et_pb_column type=&#8221;4_4&#8243; _builder_version=&#8221;4.23&#8243; _module_preset=&#8221;default&#8221; global_colors_info=&#8221;{}&#8221;][\/et_pb_column][\/et_pb_row][\/et_pb_section]<\/p>\n","protected":false},"excerpt":{"rendered":"<p>LINHAS 2024Gelius linhaCat\u00e1logo ArtizoCata\u0301logo ImcalInova Laminas DigitalMiolo &#8211; Matos e LopesCat\u00e1logo FERONICat\u00e1logo Prov\u00edncia<\/p>\n","protected":false},"author":1,"featured_media":0,"parent":0,"menu_order":0,"comment_status":"closed","ping_status":"closed","template":"page-template-blank.php","meta":{"_et_pb_use_builder":"on","_et_pb_old_content":"","_et_gb_content_width":"","footnotes":""},"_links":{"self":[{"href":"https:\/\/decoraartedesign.linkbio.net.br\/index.php\/wp-json\/wp\/v2\/pages\/88"}],"collection":[{"href":"https:\/\/decoraartedesign.linkbio.net.br\/index.php\/wp-json\/wp\/v2\/pages"}],"about":[{"href":"https:\/\/decoraartedesign.linkbio.net.br\/index.php\/wp-json\/wp\/v2\/types\/page"}],"author":[{"embeddable":true,"href":"https:\/\/decoraartedesign.linkbio.net.br\/index.php\/wp-json\/wp\/v2\/users\/1"}],"replies":[{"embeddable":true,"href":"https:\/\/decoraartedesign.linkbio.net.br\/index.php\/wp-json\/wp\/v2\/comments?post=88"}],"version-history":[{"count":16,"href":"https:\/\/decoraartedesign.linkbio.net.br\/index.php\/wp-json\/wp\/v2\/pages\/88\/revisions"}],"predecessor-version":[{"id":112,"href":"https:\/\/decoraartedesign.linkbio.net.br\/index.php\/wp-json\/wp\/v2\/pages\/88\/revisions\/112"}],"wp:attachment":[{"href":"https:\/\/decoraartedesign.linkbio.net.br\/index.php\/wp-json\/wp\/v2\/media?parent=88"}],"curies":[{"name":"wp","href":"https:\/\/api.w.org\/{rel}","templated":true}]}}